{"id":7043,"date":"2022-02-14T14:34:38","date_gmt":"2022-02-14T13:34:38","guid":{"rendered":"http:\/\/ville-frelinghien.fr\/?page_id=7043"},"modified":"2022-06-15T22:39:54","modified_gmt":"2022-06-15T20:39:54","slug":"parcours-de-memoire-de-frelinghien-59","status":"publish","type":"page","link":"http:\/\/ville-frelinghien.fr\/index.php\/parcours-de-memoire-de-frelinghien-59\/","title":{"rendered":"Parcours de m\u00e9moire de FRELINGHIEN (59)"},"content":{"rendered":"<section class=\"av_textblock_section \"  itemscope=\"itemscope\" itemtype=\"https:\/\/schema.org\/CreativeWork\" ><div class='avia_textblock  '   itemprop=\"text\" ><h2 style=\"text-align: center;\">FRELINGHIEN vous souhaite la bienvenue sur son parcours de m\u00e9moire!<\/h2>\n<\/div><\/section>\n<section class=\"av_textblock_section \"  itemscope=\"itemscope\" itemtype=\"https:\/\/schema.org\/CreativeWork\" ><div class='avia_textblock  '  style='font-size:10px; '  itemprop=\"text\" ><h2 style=\"text-align: center;\"><img loading=\"lazy\" decoding=\"async\" class=\"alignnone size-full wp-image-7080\" src=\"http:\/\/ville-frelinghien.fr\/wp-content\/uploads\/2022\/01\/czentenaire-1418.jpg\" alt=\"\" width=\"73\" height=\"57\" \/> \u00a0<img loading=\"lazy\" decoding=\"async\" class=\"alignnone size-medium wp-image-7082\" src=\"http:\/\/ville-frelinghien.fr\/wp-content\/uploads\/2022\/01\/unc.png\" alt=\"\" width=\"51\" height=\"64\" \/><\/h2>\n<h2><img loading=\"lazy\" decoding=\"async\" class=\"wp-image-7081 aligncenter\" src=\"http:\/\/ville-frelinghien.fr\/wp-content\/uploads\/2022\/01\/eglise-avant-14-300x171.jpg\" alt=\"\" width=\"402\" height=\"230\" srcset=\"http:\/\/ville-frelinghien.fr\/wp-content\/uploads\/2022\/01\/eglise-avant-14-300x171.jpg 300w, http:\/\/ville-frelinghien.fr\/wp-content\/uploads\/2022\/01\/eglise-avant-14-450x257.jpg 450w, http:\/\/ville-frelinghien.fr\/wp-content\/uploads\/2022\/01\/eglise-avant-14.jpg 507w\" sizes=\"(max-width: 402px) 100vw, 402px\" \/><\/h2>\n<h4>Situ\u00e9e sur la ligne de front et occup\u00e9e par les troupes allemandes de 1914 \u00e0 1918, FRELINGHIEN conserve encore aujourd\u2019hui de nombreuses traces du conflit. Son circuit de m\u00e9moire, imagin\u00e9 et con\u00e7u par <em>l&rsquo;UNC de Frelinghien et la commission extra municipale de la commune est<\/em> mat\u00e9rialis\u00e9 par des bornes jaunes et bleues.<\/h4>\n<h4>Avec cette boucle d&rsquo;environ 4 Km, Ils vous proposent de parcourir le village \u00e0 la d\u00e9couverte de 9 sites, choisis parce qu\u2019ils \u00e9voquent chacun un peu de l\u2019histoire de la commune, aux heures tragiques de la Grande Guerre.<\/h4>\n<h6><em>Conception du circuit et texte:\u00a0 J . C\u00a0 PINOT.<\/em><\/h6>\n<h6><em>Documents\u00a0 anciens\u00a0 : collection: A. PREVOST. <\/em><\/h6>\n<h6><em>R\u00e9alisation et textes : DEWAGTERE Eric.<\/em><\/h6>\n<\/div><\/section>\n<section class=\"av_textblock_section \"  itemscope=\"itemscope\" itemtype=\"https:\/\/schema.org\/CreativeWork\" ><div class='avia_textblock  '   itemprop=\"text\" ><h2><\/h2>\n<h3 style=\"text-align: center;\">Pour d\u00e9buter le circuit,<\/h3>\n<h3 style=\"text-align: center;\">cliquez sur le lien ci-dessous correspondant \u00e0 la borne o\u00f9 vous vous situez.<\/h3>\n<\/div><\/section>\n<div id='av-masonry-1' class='av-masonry  noHover av-fixed-size av-1px-gap av-hover-overlay-active av-masonry-col-3 av-caption-always av-caption-style-    ' style='background-color:#358be8; ' ><div class='av-masonry-container isotope av-js-disabled ' ><div class='av-masonry-entry isotope-item av-masonry-item-no-image '><\/div><a href=\"http:\/\/ville-frelinghien.fr\/index.php\/2022\/01\/11\/parcours-de-memoire-1914-1918-depart\/\" id='av-masonry-1-item-7067' data-av-masonry-item='7067' class='av-masonry-entry isotope-item post-7067 post type-post status-publish format-standard has-post-thumbnail hentry category-parcours-de-memoire  av-masonry-item-with-image' title=\"Parcours de m\u00e9moire 1914-1918 Borne 1\"  itemscope=\"itemscope\" itemtype=\"https:\/\/schema.org\/CreativeWork\" ><div class='av-inner-masonry-sizer'><\/div><figure class='av-inner-masonry main_color'><div class=\"av-masonry-outerimage-container\"><div class=\"av-masonry-image-container\" style=\"background-image: url(http:\/\/ville-frelinghien.fr\/wp-content\/uploads\/2022\/02\/borne-1-rotated.jpg);\"><\/div><\/div><figcaption class='av-inner-masonry-content site-background'><div class='av-inner-masonry-content-pos'><div class='av-inner-masonry-content-pos-content'><div class='avia-arrow'><\/div><h3 class='av-masonry-entry-title entry-title'  itemprop=\"headline\" >Parcours de m\u00e9moire 1914-1918 Borne 1<\/h3><span class='av-masonry-date meta-color updated'>11 janvier 2022<\/span><span class=\"av-masonry-text-sep text-sep-author\">\/<\/span><span class='av-masonry-author meta-color vcard author'><span class='fn'>par villefrepadmin<\/span><\/span><\/div><\/div><\/figcaption><\/figure><\/a><!--end av-masonry entry--><a href=\"http:\/\/ville-frelinghien.fr\/index.php\/2022\/01\/11\/parcours-de-memoire-1914-1918-borne-2\/\" id='av-masonry-1-item-7102' data-av-masonry-item='7102' class='av-masonry-entry isotope-item post-7102 post type-post status-publish format-standard has-post-thumbnail hentry category-parcours-de-memoire  av-masonry-item-with-image' title=\"Parcours de m\u00e9moire 1914-1918 Borne 2\"  itemscope=\"itemscope\" itemtype=\"https:\/\/schema.org\/CreativeWork\" ><div class='av-inner-masonry-sizer'><\/div><figure class='av-inner-masonry main_color'><div class=\"av-masonry-outerimage-container\"><div class=\"av-masonry-image-container\" style=\"background-image: url(http:\/\/ville-frelinghien.fr\/wp-content\/uploads\/2022\/02\/20220412_161510-rotated.jpg);\"><\/div><\/div><figcaption class='av-inner-masonry-content site-background'><div class='av-inner-masonry-content-pos'><div class='av-inner-masonry-content-pos-content'><div class='avia-arrow'><\/div><h3 class='av-masonry-entry-title entry-title'  itemprop=\"headline\" >Parcours de m\u00e9moire 1914-1918 Borne 2<\/h3><span class='av-masonry-date meta-color updated'>11 janvier 2022<\/span><span class=\"av-masonry-text-sep text-sep-author\">\/<\/span><span class='av-masonry-author meta-color vcard author'><span class='fn'>par villefrepadmin<\/span><\/span><\/div><\/div><\/figcaption><\/figure><\/a><!--end av-masonry entry--><a href=\"http:\/\/ville-frelinghien.fr\/index.php\/2022\/01\/12\/parcours-de-memoire-1914-1918-borne-3\/\" id='av-masonry-1-item-7124' data-av-masonry-item='7124' class='av-masonry-entry isotope-item post-7124 post type-post status-publish format-standard has-post-thumbnail hentry category-parcours-de-memoire  av-masonry-item-with-image' title=\"Parcours de m\u00e9moire 1914-1918 Borne 3\"  itemscope=\"itemscope\" itemtype=\"https:\/\/schema.org\/CreativeWork\" ><div class='av-inner-masonry-sizer'><\/div><figure class='av-inner-masonry main_color'><div class=\"av-masonry-outerimage-container\"><div class=\"av-masonry-image-container\" style=\"background-image: url(http:\/\/ville-frelinghien.fr\/wp-content\/uploads\/2022\/02\/20220412_161734-rotated.jpg);\"><\/div><\/div><figcaption class='av-inner-masonry-content site-background'><div class='av-inner-masonry-content-pos'><div class='av-inner-masonry-content-pos-content'><div class='avia-arrow'><\/div><h3 class='av-masonry-entry-title entry-title'  itemprop=\"headline\" >Parcours de m\u00e9moire 1914-1918 Borne 3<\/h3><span class='av-masonry-date meta-color updated'>12 janvier 2022<\/span><span class=\"av-masonry-text-sep text-sep-author\">\/<\/span><span class='av-masonry-author meta-color vcard author'><span class='fn'>par villefrepadmin<\/span><\/span><\/div><\/div><\/figcaption><\/figure><\/a><!--end av-masonry entry--><a href=\"http:\/\/ville-frelinghien.fr\/index.php\/2022\/02\/14\/parcours-de-memoire-1914-1918-borne-4\/\" id='av-masonry-1-item-7135' data-av-masonry-item='7135' class='av-masonry-entry isotope-item post-7135 post type-post status-publish format-standard has-post-thumbnail hentry category-parcours-de-memoire  av-masonry-item-with-image' title=\"Parcours de m\u00e9moire 1914-1918 Borne 4\"  itemscope=\"itemscope\" itemtype=\"https:\/\/schema.org\/CreativeWork\" ><div class='av-inner-masonry-sizer'><\/div><figure class='av-inner-masonry main_color'><div class=\"av-masonry-outerimage-container\"><div class=\"av-masonry-image-container\" style=\"background-image: url(http:\/\/ville-frelinghien.fr\/wp-content\/uploads\/2022\/02\/20220412_162539-rotated.jpg);\"><\/div><\/div><figcaption class='av-inner-masonry-content site-background'><div class='av-inner-masonry-content-pos'><div class='av-inner-masonry-content-pos-content'><div class='avia-arrow'><\/div><h3 class='av-masonry-entry-title entry-title'  itemprop=\"headline\" >Parcours de m\u00e9moire 1914-1918 Borne 4<\/h3><span class='av-masonry-date meta-color updated'>14 f\u00e9vrier 2022<\/span><span class=\"av-masonry-text-sep text-sep-author\">\/<\/span><span class='av-masonry-author meta-color vcard author'><span class='fn'>par villefrepadmin<\/span><\/span><\/div><\/div><\/figcaption><\/figure><\/a><!--end av-masonry entry--><a href=\"http:\/\/ville-frelinghien.fr\/index.php\/2022\/02\/14\/parcours-de-memoire-1914-1918-borne-5\/\" id='av-masonry-1-item-7138' data-av-masonry-item='7138' class='av-masonry-entry isotope-item post-7138 post type-post status-publish format-standard has-post-thumbnail hentry category-parcours-de-memoire  av-masonry-item-with-image' title=\"Parcours de m\u00e9moire 1914-1918 Borne 5\"  itemscope=\"itemscope\" itemtype=\"https:\/\/schema.org\/CreativeWork\" ><div class='av-inner-masonry-sizer'><\/div><figure class='av-inner-masonry main_color'><div class=\"av-masonry-outerimage-container\"><div class=\"av-masonry-image-container\" style=\"background-image: url(http:\/\/ville-frelinghien.fr\/wp-content\/uploads\/2022\/02\/20220412_162837-rotated.jpg);\"><\/div><\/div><figcaption class='av-inner-masonry-content site-background'><div class='av-inner-masonry-content-pos'><div class='av-inner-masonry-content-pos-content'><div class='avia-arrow'><\/div><h3 class='av-masonry-entry-title entry-title'  itemprop=\"headline\" >Parcours de m\u00e9moire 1914-1918 Borne 5<\/h3><span class='av-masonry-date meta-color updated'>14 f\u00e9vrier 2022<\/span><span class=\"av-masonry-text-sep text-sep-author\">\/<\/span><span class='av-masonry-author meta-color vcard author'><span class='fn'>par villefrepadmin<\/span><\/span><\/div><\/div><\/figcaption><\/figure><\/a><!--end av-masonry entry--><a href=\"http:\/\/ville-frelinghien.fr\/index.php\/2022\/01\/16\/site-n-6-la-stele-et-le-canon\/\" id='av-masonry-1-item-7164' data-av-masonry-item='7164' class='av-masonry-entry isotope-item post-7164 post type-post status-publish format-standard has-post-thumbnail hentry category-parcours-de-memoire  av-masonry-item-with-image' title=\"Parcours de m\u00e9moire 1914-1918 Borne 6\"  itemscope=\"itemscope\" itemtype=\"https:\/\/schema.org\/CreativeWork\" ><div class='av-inner-masonry-sizer'><\/div><figure class='av-inner-masonry main_color'><div class=\"av-masonry-outerimage-container\"><div class=\"av-masonry-image-container\" style=\"background-image: url(http:\/\/ville-frelinghien.fr\/wp-content\/uploads\/2022\/02\/20220412_163026-rotated.jpg);\"><\/div><\/div><figcaption class='av-inner-masonry-content site-background'><div class='av-inner-masonry-content-pos'><div class='av-inner-masonry-content-pos-content'><div class='avia-arrow'><\/div><h3 class='av-masonry-entry-title entry-title'  itemprop=\"headline\" >Parcours de m\u00e9moire 1914-1918 Borne 6<\/h3><span class='av-masonry-date meta-color updated'>16 janvier 2022<\/span><span class=\"av-masonry-text-sep text-sep-author\">\/<\/span><span class='av-masonry-author meta-color vcard author'><span class='fn'>par villefrepadmin<\/span><\/span><\/div><\/div><\/figcaption><\/figure><\/a><!--end av-masonry entry--><a href=\"http:\/\/ville-frelinghien.fr\/index.php\/2022\/02\/14\/parcours-de-memoire-1914-1918-borne-7\/\" id='av-masonry-1-item-7142' data-av-masonry-item='7142' class='av-masonry-entry isotope-item post-7142 post type-post status-publish format-standard has-post-thumbnail hentry category-parcours-de-memoire  av-masonry-item-with-image' title=\"Parcours de m\u00e9moire 1914-1918 Borne 7\"  itemscope=\"itemscope\" itemtype=\"https:\/\/schema.org\/CreativeWork\" ><div class='av-inner-masonry-sizer'><\/div><figure class='av-inner-masonry main_color'><div class=\"av-masonry-outerimage-container\"><div class=\"av-masonry-image-container\" style=\"background-image: url(http:\/\/ville-frelinghien.fr\/wp-content\/uploads\/2022\/02\/20220412_163400-rotated.jpg);\"><\/div><\/div><figcaption class='av-inner-masonry-content site-background'><div class='av-inner-masonry-content-pos'><div class='av-inner-masonry-content-pos-content'><div class='avia-arrow'><\/div><h3 class='av-masonry-entry-title entry-title'  itemprop=\"headline\" >Parcours de m\u00e9moire 1914-1918 Borne 7<\/h3><span class='av-masonry-date meta-color updated'>14 f\u00e9vrier 2022<\/span><span class=\"av-masonry-text-sep text-sep-author\">\/<\/span><span class='av-masonry-author meta-color vcard author'><span class='fn'>par villefrepadmin<\/span><\/span><\/div><\/div><\/figcaption><\/figure><\/a><!--end av-masonry entry--><a href=\"http:\/\/ville-frelinghien.fr\/index.php\/2022\/02\/14\/parcours-de-memoire-1914-1918-borne-8\/\" id='av-masonry-1-item-7144' data-av-masonry-item='7144' class='av-masonry-entry isotope-item post-7144 post type-post status-publish format-standard has-post-thumbnail hentry category-parcours-de-memoire  av-masonry-item-with-image' title=\"Parcours de m\u00e9moire 1914-1918 Borne 8\"  itemscope=\"itemscope\" itemtype=\"https:\/\/schema.org\/CreativeWork\" ><div class='av-inner-masonry-sizer'><\/div><figure class='av-inner-masonry main_color'><div class=\"av-masonry-outerimage-container\"><div class=\"av-masonry-image-container\" style=\"background-image: url(http:\/\/ville-frelinghien.fr\/wp-content\/uploads\/2022\/02\/20220412_164209-rotated.jpg);\"><\/div><\/div><figcaption class='av-inner-masonry-content site-background'><div class='av-inner-masonry-content-pos'><div class='av-inner-masonry-content-pos-content'><div class='avia-arrow'><\/div><h3 class='av-masonry-entry-title entry-title'  itemprop=\"headline\" >Parcours de m\u00e9moire 1914-1918 Borne 8<\/h3><span class='av-masonry-date meta-color updated'>14 f\u00e9vrier 2022<\/span><span class=\"av-masonry-text-sep text-sep-author\">\/<\/span><span class='av-masonry-author meta-color vcard author'><span class='fn'>par villefrepadmin<\/span><\/span><\/div><\/div><\/figcaption><\/figure><\/a><!--end av-masonry entry--><a href=\"http:\/\/ville-frelinghien.fr\/index.php\/2022\/02\/14\/parcours-de-memoire-1914-1918-borne-9\/\" id='av-masonry-1-item-7146' data-av-masonry-item='7146' class='av-masonry-entry isotope-item post-7146 post type-post status-publish format-standard has-post-thumbnail hentry category-parcours-de-memoire  av-masonry-item-with-image' title=\"Parcours de m\u00e9moire 1914-1918 Borne 9\"  itemscope=\"itemscope\" itemtype=\"https:\/\/schema.org\/CreativeWork\" ><div class='av-inner-masonry-sizer'><\/div><figure class='av-inner-masonry main_color'><div class=\"av-masonry-outerimage-container\"><div class=\"av-masonry-image-container\" style=\"background-image: url(http:\/\/ville-frelinghien.fr\/wp-content\/uploads\/2022\/02\/20220412_165028-rotated.jpg);\"><\/div><\/div><figcaption class='av-inner-masonry-content site-background'><div class='av-inner-masonry-content-pos'><div class='av-inner-masonry-content-pos-content'><div class='avia-arrow'><\/div><h3 class='av-masonry-entry-title entry-title'  itemprop=\"headline\" >Parcours de m\u00e9moire 1914-1918 Borne 9<\/h3><span class='av-masonry-date meta-color updated'>14 f\u00e9vrier 2022<\/span><span class=\"av-masonry-text-sep text-sep-author\">\/<\/span><span class='av-masonry-author meta-color vcard author'><span class='fn'>par villefrepadmin<\/span><\/span><\/div><\/div><\/figcaption><\/figure><\/a><!--end av-masonry entry--><\/div><\/div>\n","protected":false},"excerpt":{"rendered":"","protected":false},"author":1,"featured_media":4594,"parent":0,"menu_order":0,"comment_status":"closed","ping_status":"closed","template":"","meta":{"_monsterinsights_skip_tracking":false,"_monsterinsights_sitenote_active":false,"_monsterinsights_sitenote_note":"","_monsterinsights_sitenote_category":0,"footnotes":""},"yoast_head":"<!-- This site is optimized with the Yoast SEO plugin v22.8 - https:\/\/yoast.com\/wordpress\/plugins\/seo\/ -->\n<title>Parcours de m\u00e9moire de FRELINGHIEN (59) - Frelinghien<\/title>\n<meta name=\"description\" content=\"Situ\u00e9e sur la ligne de front et occup\u00e9e par les troupes allemandes de 1914 \u00e0 1918, FRELINGHIEN conserve encore aujourd\u2019hui de nombreuses traces du conflit. Son circuit de m\u00e9moire, imagin\u00e9 et con\u00e7u par l&#039;UNC de Frelinghien et la commission extra municipale de la commune est mat\u00e9rialis\u00e9 par des bornes jaunes et bleues.\" \/>\n<meta name=\"robots\" content=\"index, follow, max-snippet:-1, max-image-preview:large, max-video-preview:-1\" \/>\n<link rel=\"canonical\" href=\"http:\/\/ville-frelinghien.fr\/index.php\/parcours-de-memoire-de-frelinghien-59\/\" \/>\n<meta property=\"og:locale\" content=\"fr_FR\" \/>\n<meta property=\"og:type\" content=\"article\" \/>\n<meta property=\"og:title\" content=\"Parcours de m\u00e9moire de FRELINGHIEN (59) - Frelinghien\" \/>\n<meta property=\"og:description\" content=\"Situ\u00e9e sur la ligne de front et occup\u00e9e par les troupes allemandes de 1914 \u00e0 1918, FRELINGHIEN conserve encore aujourd\u2019hui de nombreuses traces du conflit. Son circuit de m\u00e9moire, imagin\u00e9 et con\u00e7u par l&#039;UNC de Frelinghien et la commission extra municipale de la commune est mat\u00e9rialis\u00e9 par des bornes jaunes et bleues.\" \/>\n<meta property=\"og:url\" content=\"http:\/\/ville-frelinghien.fr\/index.php\/parcours-de-memoire-de-frelinghien-59\/\" \/>\n<meta property=\"og:site_name\" content=\"Frelinghien\" \/>\n<meta property=\"article:modified_time\" content=\"2022-06-15T20:39:54+00:00\" \/>\n<meta property=\"og:image\" content=\"http:\/\/ville-frelinghien.fr\/wp-content\/uploads\/2018\/09\/logo-copie.jpg\" \/>\n\t<meta property=\"og:image:width\" content=\"591\" \/>\n\t<meta property=\"og:image:height\" content=\"472\" \/>\n\t<meta property=\"og:image:type\" content=\"image\/jpeg\" \/>\n<meta name=\"twitter:card\" content=\"summary_large_image\" \/>\n<meta name=\"twitter:label1\" content=\"Dur\u00e9e de lecture estim\u00e9e\" \/>\n\t<meta name=\"twitter:data1\" content=\"1 minute\" \/>\n<script type=\"application\/ld+json\" class=\"yoast-schema-graph\">{\"@context\":\"https:\/\/schema.org\",\"@graph\":[{\"@type\":\"WebPage\",\"@id\":\"http:\/\/ville-frelinghien.fr\/index.php\/parcours-de-memoire-de-frelinghien-59\/\",\"url\":\"http:\/\/ville-frelinghien.fr\/index.php\/parcours-de-memoire-de-frelinghien-59\/\",\"name\":\"Parcours de m\u00e9moire de FRELINGHIEN (59) - Frelinghien\",\"isPartOf\":{\"@id\":\"http:\/\/ville-frelinghien.fr\/#website\"},\"primaryImageOfPage\":{\"@id\":\"http:\/\/ville-frelinghien.fr\/index.php\/parcours-de-memoire-de-frelinghien-59\/#primaryimage\"},\"image\":{\"@id\":\"http:\/\/ville-frelinghien.fr\/index.php\/parcours-de-memoire-de-frelinghien-59\/#primaryimage\"},\"thumbnailUrl\":\"http:\/\/ville-frelinghien.fr\/wp-content\/uploads\/2018\/09\/logo-copie.jpg\",\"datePublished\":\"2022-02-14T13:34:38+00:00\",\"dateModified\":\"2022-06-15T20:39:54+00:00\",\"description\":\"Situ\u00e9e sur la ligne de front et occup\u00e9e par les troupes allemandes de 1914 \u00e0 1918, FRELINGHIEN conserve encore aujourd\u2019hui de nombreuses traces du conflit. Son circuit de m\u00e9moire, imagin\u00e9 et con\u00e7u par l'UNC de Frelinghien et la commission extra municipale de la commune est mat\u00e9rialis\u00e9 par des bornes jaunes et bleues.\",\"breadcrumb\":{\"@id\":\"http:\/\/ville-frelinghien.fr\/index.php\/parcours-de-memoire-de-frelinghien-59\/#breadcrumb\"},\"inLanguage\":\"fr-FR\",\"potentialAction\":[{\"@type\":\"ReadAction\",\"target\":[\"http:\/\/ville-frelinghien.fr\/index.php\/parcours-de-memoire-de-frelinghien-59\/\"]}]},{\"@type\":\"ImageObject\",\"inLanguage\":\"fr-FR\",\"@id\":\"http:\/\/ville-frelinghien.fr\/index.php\/parcours-de-memoire-de-frelinghien-59\/#primaryimage\",\"url\":\"http:\/\/ville-frelinghien.fr\/wp-content\/uploads\/2018\/09\/logo-copie.jpg\",\"contentUrl\":\"http:\/\/ville-frelinghien.fr\/wp-content\/uploads\/2018\/09\/logo-copie.jpg\",\"width\":591,\"height\":472},{\"@type\":\"BreadcrumbList\",\"@id\":\"http:\/\/ville-frelinghien.fr\/index.php\/parcours-de-memoire-de-frelinghien-59\/#breadcrumb\",\"itemListElement\":[{\"@type\":\"ListItem\",\"position\":1,\"name\":\"Accueil\",\"item\":\"http:\/\/ville-frelinghien.fr\/\"},{\"@type\":\"ListItem\",\"position\":2,\"name\":\"Parcours de m\u00e9moire de FRELINGHIEN (59)\"}]},{\"@type\":\"WebSite\",\"@id\":\"http:\/\/ville-frelinghien.fr\/#website\",\"url\":\"http:\/\/ville-frelinghien.fr\/\",\"name\":\"Frelinghien\",\"description\":\"Bienvenue sur le site de Frelinghien\",\"potentialAction\":[{\"@type\":\"SearchAction\",\"target\":{\"@type\":\"EntryPoint\",\"urlTemplate\":\"http:\/\/ville-frelinghien.fr\/?s={search_term_string}\"},\"query-input\":\"required name=search_term_string\"}],\"inLanguage\":\"fr-FR\"}]}<\/script>\n<!-- \/ Yoast SEO plugin. -->","yoast_head_json":{"title":"Parcours de m\u00e9moire de FRELINGHIEN (59) - Frelinghien","description":"Situ\u00e9e sur la ligne de front et occup\u00e9e par les troupes allemandes de 1914 \u00e0 1918, FRELINGHIEN conserve encore aujourd\u2019hui de nombreuses traces du conflit. Son circuit de m\u00e9moire, imagin\u00e9 et con\u00e7u par l'UNC de Frelinghien et la commission extra municipale de la commune est mat\u00e9rialis\u00e9 par des bornes jaunes et bleues.","robots":{"index":"index","follow":"follow","max-snippet":"max-snippet:-1","max-image-preview":"max-image-preview:large","max-video-preview":"max-video-preview:-1"},"canonical":"http:\/\/ville-frelinghien.fr\/index.php\/parcours-de-memoire-de-frelinghien-59\/","og_locale":"fr_FR","og_type":"article","og_title":"Parcours de m\u00e9moire de FRELINGHIEN (59) - Frelinghien","og_description":"Situ\u00e9e sur la ligne de front et occup\u00e9e par les troupes allemandes de 1914 \u00e0 1918, FRELINGHIEN conserve encore aujourd\u2019hui de nombreuses traces du conflit. Son circuit de m\u00e9moire, imagin\u00e9 et con\u00e7u par l'UNC de Frelinghien et la commission extra municipale de la commune est mat\u00e9rialis\u00e9 par des bornes jaunes et bleues.","og_url":"http:\/\/ville-frelinghien.fr\/index.php\/parcours-de-memoire-de-frelinghien-59\/","og_site_name":"Frelinghien","article_modified_time":"2022-06-15T20:39:54+00:00","og_image":[{"width":591,"height":472,"url":"http:\/\/ville-frelinghien.fr\/wp-content\/uploads\/2018\/09\/logo-copie.jpg","type":"image\/jpeg"}],"twitter_card":"summary_large_image","twitter_misc":{"Dur\u00e9e de lecture estim\u00e9e":"1 minute"},"schema":{"@context":"https:\/\/schema.org","@graph":[{"@type":"WebPage","@id":"http:\/\/ville-frelinghien.fr\/index.php\/parcours-de-memoire-de-frelinghien-59\/","url":"http:\/\/ville-frelinghien.fr\/index.php\/parcours-de-memoire-de-frelinghien-59\/","name":"Parcours de m\u00e9moire de FRELINGHIEN (59) - Frelinghien","isPartOf":{"@id":"http:\/\/ville-frelinghien.fr\/#website"},"primaryImageOfPage":{"@id":"http:\/\/ville-frelinghien.fr\/index.php\/parcours-de-memoire-de-frelinghien-59\/#primaryimage"},"image":{"@id":"http:\/\/ville-frelinghien.fr\/index.php\/parcours-de-memoire-de-frelinghien-59\/#primaryimage"},"thumbnailUrl":"http:\/\/ville-frelinghien.fr\/wp-content\/uploads\/2018\/09\/logo-copie.jpg","datePublished":"2022-02-14T13:34:38+00:00","dateModified":"2022-06-15T20:39:54+00:00","description":"Situ\u00e9e sur la ligne de front et occup\u00e9e par les troupes allemandes de 1914 \u00e0 1918, FRELINGHIEN conserve encore aujourd\u2019hui de nombreuses traces du conflit. Son circuit de m\u00e9moire, imagin\u00e9 et con\u00e7u par l'UNC de Frelinghien et la commission extra municipale de la commune est mat\u00e9rialis\u00e9 par des bornes jaunes et bleues.","breadcrumb":{"@id":"http:\/\/ville-frelinghien.fr\/index.php\/parcours-de-memoire-de-frelinghien-59\/#breadcrumb"},"inLanguage":"fr-FR","potentialAction":[{"@type":"ReadAction","target":["http:\/\/ville-frelinghien.fr\/index.php\/parcours-de-memoire-de-frelinghien-59\/"]}]},{"@type":"ImageObject","inLanguage":"fr-FR","@id":"http:\/\/ville-frelinghien.fr\/index.php\/parcours-de-memoire-de-frelinghien-59\/#primaryimage","url":"http:\/\/ville-frelinghien.fr\/wp-content\/uploads\/2018\/09\/logo-copie.jpg","contentUrl":"http:\/\/ville-frelinghien.fr\/wp-content\/uploads\/2018\/09\/logo-copie.jpg","width":591,"height":472},{"@type":"BreadcrumbList","@id":"http:\/\/ville-frelinghien.fr\/index.php\/parcours-de-memoire-de-frelinghien-59\/#breadcrumb","itemListElement":[{"@type":"ListItem","position":1,"name":"Accueil","item":"http:\/\/ville-frelinghien.fr\/"},{"@type":"ListItem","position":2,"name":"Parcours de m\u00e9moire de FRELINGHIEN (59)"}]},{"@type":"WebSite","@id":"http:\/\/ville-frelinghien.fr\/#website","url":"http:\/\/ville-frelinghien.fr\/","name":"Frelinghien","description":"Bienvenue sur le site de Frelinghien","potentialAction":[{"@type":"SearchAction","target":{"@type":"EntryPoint","urlTemplate":"http:\/\/ville-frelinghien.fr\/?s={search_term_string}"},"query-input":"required name=search_term_string"}],"inLanguage":"fr-FR"}]}},"_links":{"self":[{"href":"http:\/\/ville-frelinghien.fr\/index.php\/wp-json\/wp\/v2\/pages\/7043"}],"collection":[{"href":"http:\/\/ville-frelinghien.fr\/index.php\/wp-json\/wp\/v2\/pages"}],"about":[{"href":"http:\/\/ville-frelinghien.fr\/index.php\/wp-json\/wp\/v2\/types\/page"}],"author":[{"embeddable":true,"href":"http:\/\/ville-frelinghien.fr\/index.php\/wp-json\/wp\/v2\/users\/1"}],"replies":[{"embeddable":true,"href":"http:\/\/ville-frelinghien.fr\/index.php\/wp-json\/wp\/v2\/comments?post=7043"}],"version-history":[{"count":34,"href":"http:\/\/ville-frelinghien.fr\/index.php\/wp-json\/wp\/v2\/pages\/7043\/revisions"}],"predecessor-version":[{"id":7585,"href":"http:\/\/ville-frelinghien.fr\/index.php\/wp-json\/wp\/v2\/pages\/7043\/revisions\/7585"}],"wp:featuredmedia":[{"embeddable":true,"href":"http:\/\/ville-frelinghien.fr\/index.php\/wp-json\/wp\/v2\/media\/4594"}],"wp:attachment":[{"href":"http:\/\/ville-frelinghien.fr\/index.php\/wp-json\/wp\/v2\/media?parent=7043"}],"curies":[{"name":"wp","href":"https:\/\/api.w.org\/{rel}","templated":true}]}}